{"id":457,"date":"2014-04-01T11:55:55","date_gmt":"2014-04-01T09:55:55","guid":{"rendered":"https:\/\/www.curiosami.it\/?page_id=457"},"modified":"2020-11-25T05:11:23","modified_gmt":"2020-11-25T04:11:23","slug":"giuseppe-verdi","status":"publish","type":"page","link":"https:\/\/www.curiosami.it\/index.php\/giuseppe-verdi\/","title":{"rendered":"GIUSEPPE VERDI"},"content":{"rendered":"<p><em>\u00ab Sono da dieci o dodici giorni tornato da Napoli e vi avrei scritto subito, se non fossi stato obbligato di fare alcune corse a Parma ed a Piacenza. Or eccomi qui, dopo i trambusti di Napoli, questa profonda quiete mi \u00e8 sempre pi\u00f9 cara. E impossibile trovare localit\u00e0 pi\u00f9 brutta di questa, ma d&#8217;altra parte \u00e8 impossibile ch&#8217;io trovi per me ove vivere con maggior libert\u00e0; poi questo silenzio che lascia tempo a pensare, e quel non veder mai uniformi di nessun colore \u00e8 pure la buona cosa!&#8230; Datemi, cara Clarina, a lungo vostre notizie, e della vostra salute: ditemi delle cose di Milano e come vi si vive ora. Son dieci anni che non vedo quel paese che ho amato tanto, e dove ho passato la mia giovent\u00f9 ed incominciata la mia carriera! Quante memorie care e tristi! Chi sa quando lo rivedr\u00f2! \u00bb.<\/em><\/p>\n<p style=\"text-align: right;\">Lettera di Giuseppe Verdi alla contessa Maffei<\/p>\n<p style=\"text-align: center;\"><a href=\"https:\/\/www.curiosami.it\/wp-content\/uploads\/2014\/03\/verdi.jpg\"><img loading=\"lazy\" decoding=\"async\" class=\"alignnone size-large wp-image-435\" alt=\"verdi\" src=\"https:\/\/www.curiosami.it\/wp-content\/uploads\/2014\/03\/verdi-1024x372.jpg\" width=\"1024\" height=\"372\" srcset=\"https:\/\/www.curiosami.it\/wp-content\/uploads\/2014\/03\/verdi-1024x372.jpg 1024w, https:\/\/www.curiosami.it\/wp-content\/uploads\/2014\/03\/verdi-300x109.jpg 300w\" sizes=\"auto, (max-width: 1024px) 100vw, 1024px\" \/><\/a><\/p>\n","protected":false},"excerpt":{"rendered":"<p>\u00ab Sono da dieci o dodici giorni tornato da Napoli e vi avrei scritto subito, se non fossi stato obbligato di fare alcune corse a Parma ed a Piacenza. Or eccomi qui, dopo i trambusti di Napoli, questa profonda quiete mi \u00e8 sempre pi\u00f9 cara. E impossibile trovare localit\u00e0 pi\u00f9 brutta di questa, ma d&#8217;altra [&hellip;]<\/p>\n","protected":false},"author":1,"featured_media":0,"parent":0,"menu_order":0,"comment_status":"closed","ping_status":"open","template":"","meta":{"footnotes":""},"class_list":["post-457","page","type-page","status-publish","hentry"],"_links":{"self":[{"href":"https:\/\/www.curiosami.it\/index.php\/wp-json\/wp\/v2\/pages\/457","targetHints":{"allow":["GET"]}}],"collection":[{"href":"https:\/\/www.curiosami.it\/index.php\/wp-json\/wp\/v2\/pages"}],"about":[{"href":"https:\/\/www.curiosami.it\/index.php\/wp-json\/wp\/v2\/types\/page"}],"author":[{"embeddable":true,"href":"https:\/\/www.curiosami.it\/index.php\/wp-json\/wp\/v2\/users\/1"}],"replies":[{"embeddable":true,"href":"https:\/\/www.curiosami.it\/index.php\/wp-json\/wp\/v2\/comments?post=457"}],"version-history":[{"count":1,"href":"https:\/\/www.curiosami.it\/index.php\/wp-json\/wp\/v2\/pages\/457\/revisions"}],"predecessor-version":[{"id":459,"href":"https:\/\/www.curiosami.it\/index.php\/wp-json\/wp\/v2\/pages\/457\/revisions\/459"}],"wp:attachment":[{"href":"https:\/\/www.curiosami.it\/index.php\/wp-json\/wp\/v2\/media?parent=457"}],"curies":[{"name":"wp","href":"https:\/\/api.w.org\/{rel}","templated":true}]}}